{"id":77,"date":"2025-03-22T18:00:02","date_gmt":"2025-03-22T17:00:02","guid":{"rendered":"https:\/\/mgo.ddx.ovh\/?page_id=77"},"modified":"2026-03-02T15:18:56","modified_gmt":"2026-03-02T14:18:56","slug":"a-propos","status":"publish","type":"page","link":"https:\/\/mgo.ddx.ovh\/en\/a-propos\/","title":{"rendered":"\u00c0 propos de MGO"},"content":{"rendered":"<p>\n\n\n<h2 class=\"wp-block-heading\">Qui sommes-nous ?<\/h2>\n\n\n\n<p><strong>Depuis sa cr\u00e9ation en 1962, MGO (M\u00e9canique G\u00e9n\u00e9rale Offemontoise) s&rsquo;est impos\u00e9e comme un acteur reconnu dans le domaine de la m\u00e9canique de pr\u00e9cision et dans les m\u00e9tiers de l\u2019usinage, de la soudure, du formage (pliage, roulage, emboutissage), d\u00e9coupe laser et peinture.<\/strong><\/p>\n\n\n\n<p>Notre entreprise accompagne ses clients dans la <strong>r\u00e9alisation et conception de pi\u00e8ces m\u00e9caniques et ensemble ou sous-ensembles m\u00e9caniques, du prototype aux petites\/moyennes s\u00e9ries.<\/strong><\/p>\n\n\n\n<p><strong>Bas\u00e9e \u00e0 Offemont<\/strong>, l\u2019entreprise est id\u00e9alement situ\u00e9e sur le grand quart Nord-Est de la France, \u00e0 proximit\u00e9 des grands axes autoroutiers et \u00e0 45 minutes de l\u2019Euroairport.<\/p>\n\n\n\n<h2 class=\"wp-block-heading\">Nos services<\/h2>\n\n\n\n<ul class=\"wp-block-list\">\n<li><strong>Usinage CNC<\/strong> : Fraisage &amp; Tournage de 3 \u00e0 5 axes, rectification plane et cylindrique<\/li>\n\n\n\n<li><strong>M\u00e9canosoudure<\/strong> : TIG, MIG, MAG, Soudure \u00e0 l&rsquo;ARC sous flux<\/li>\n\n\n\n<li><strong>D\u00e9coupe laser<\/strong> : Machine 6kW de derni\u00e8re g\u00e9n\u00e9ration<\/li>\n\n\n\n<li><strong>Formage \u2013 Pliage \u2013 Roulage<\/strong> de t\u00f4les<\/li>\n\n\n\n<li><strong>Conception &amp; Bureau d\u2019\u00e9tudes<\/strong> : accompagnement technique, CAO et co-conception<\/li>\n\n\n\n<li><strong>Contr\u00f4le qualit\u00e9<\/strong> : Certification ISO 9001 &amp; 19443 et tra\u00e7abilit\u00e9 totale, CND (ressuage et magn\u00e9toscopie),   2 machines de mesures tri-dimensionnelles et de nombreux instruments de mesures<\/li>\n<\/ul>\n\n\n\n<h2 class=\"wp-block-heading\">Histoire, \u00e9volution et secteurs d&rsquo;activit\u00e9s de MGO<\/h2>\n\n\n\n<p>MGO c&rsquo;est avant tout une <strong>aventure entrepreneuriale familiale<\/strong> qui a d\u00e9but\u00e9e en <strong>1962<\/strong>.<\/p>\n\n\n\n<p>L&rsquo;entreprise est cr\u00e9e par <strong>Andr\u00e9 LEPAUL<\/strong> et est alors install\u00e9e dans le c\u0153ur du village d&rsquo;Offemont.<\/p>\n\n\n\n<p>Gr\u00e2ce \u00e0 ses comp\u00e9tences et un r\u00e9el savoir-faire technique dans le domaine de l&rsquo;usinage, tr\u00e8s vite reconnu par plusieurs donneurs d&rsquo;ordres, l&rsquo;entreprise affiche une belle croissance sur les premi\u00e8res ann\u00e9es de son existence.<\/p>\n\n\n\n<p>Au d\u00e9but des ann\u00e9es 70, une nouvelle dynamique est insuffl\u00e9e par le fils d&rsquo;Andr\u00e9, <strong>Jean LEPAUL<\/strong>, en s&rsquo;appuyant sur des investissements courageux et d\u00e9terminant dans plusieurs machines \u00e0 commandes num\u00e9riques, l&rsquo;entreprise continue de se d\u00e9velopper activement et notamment dans le secteur de l&rsquo;\u00e9nergie en d\u00e9butant la collaboration avec <strong>ALSTHOM<\/strong>, un client historique de l&rsquo;entreprise.<\/p>\n\n\n\n<p>Jean LEPAUL ayant repris la direction de l&rsquo;entreprise dans les ann\u00e9es 80, un choix important et n\u00e9cessaire est act\u00e9 au d\u00e9bit des ann\u00e9es 90 : L&rsquo;implantation de l&rsquo;entreprise dans de nouveaux locaux afin de lui permettre de poursuivre sa croissance.<\/p>\n\n\n\n<p><strong>En 1993, MGO inaugure ses nouveaux b\u00e2timents dans la ZAC du Ballon \u00e0 Offemont.<\/strong><\/p>\n\n\n\n<figure class=\"wp-block-image size-large\"><img fetchpriority=\"high\" decoding=\"async\" width=\"1024\" height=\"768\" src=\"https:\/\/mgo.ddx.ovh\/wp-content\/uploads\/2026\/03\/IMG_6120-jpeg-1024x768.jpeg\" alt=\"\" class=\"wp-image-1973\" srcset=\"https:\/\/mgo.ddx.ovh\/wp-content\/uploads\/2026\/03\/IMG_6120-jpeg-1024x768.jpeg 1024w, https:\/\/mgo.ddx.ovh\/wp-content\/uploads\/2026\/03\/IMG_6120-jpeg-300x225.jpeg 300w, https:\/\/mgo.ddx.ovh\/wp-content\/uploads\/2026\/03\/IMG_6120-jpeg-768x576.jpeg 768w, https:\/\/mgo.ddx.ovh\/wp-content\/uploads\/2026\/03\/IMG_6120-jpeg-1536x1152.jpeg 1536w, https:\/\/mgo.ddx.ovh\/wp-content\/uploads\/2026\/03\/IMG_6120-jpeg-2048x1536.jpeg 2048w, https:\/\/mgo.ddx.ovh\/wp-content\/uploads\/2026\/03\/IMG_6120-jpeg-16x12.jpeg 16w\" sizes=\"(max-width: 1024px) 100vw, 1024px\" \/><\/figure>\n\n\n\n<p>Au d\u00e9but des ann\u00e9es 2000, l&rsquo;entreprise est certifi\u00e9e <strong>ISO 9001<\/strong>, ce qui permet de confirmer la bonne mise en place de son syst\u00e8me qualit\u00e9.<\/p>\n\n\n\n<p>20 ann\u00e9es plus tard, MGO a continu\u00e9 de s&rsquo;appuyer sur sa force technique et son expertise dans les m\u00e9tiers de l&rsquo;usinage et de la soudure pour maintenir sa croissance, et c&rsquo;est \u00e0 ce moment l\u00e0 qu&rsquo;<strong>Olivier LEPAUL<\/strong> rejoint l&rsquo;aventure entrepreneuriale.<\/p>\n\n\n\n<p>Une nouvelle dynamique commerciale est alors instaur\u00e9e, permettant \u00e0 l&rsquo;entreprise de <strong>se d\u00e9velopper davantage \u00e0 l&rsquo;international,<\/strong> avec l&rsquo;ouverture de nouvelles collaborations avec de grands donneurs d&rsquo;ordres.<\/p>\n\n\n\n<p><strong>La poursuite de choix strat\u00e9giques forts (Achat de machines d&rsquo;usinage 5 axes, Fabrication Assist\u00e9e par Ordinateur, nouvelles certifications de l&rsquo;entreprise ISO 19443)<\/strong> a permis d&rsquo;assoir encore un peu plus la place importante prise par MGO, en tant que <strong>sous-traitant de premier rang dans la fabrication et conception de composants et ensemble m\u00e9caniques de pr\u00e9cisions <\/strong>\u00e0 destination de plusieurs secteurs d&rsquo;activit\u00e9s strat\u00e9giques et porteurs :<\/p>\n\n\n\n<ul class=\"wp-block-list\">\n<li><strong>L&rsquo;\u00e9nergie<\/strong> (Nucl\u00e9aire, Gas, Hydraulique, Eolien)<\/li>\n\n\n\n<li><strong>La d\u00e9fense<\/strong><\/li>\n\n\n\n<li><strong>La Cryog\u00e9nie<\/strong><\/li>\n\n\n\n<li><strong>Industries p\u00e9troli\u00e8res<\/strong><\/li>\n\n\n\n<li><strong>Industries sp\u00e9cialis\u00e9es<\/strong> (agroalimentaire, emballages, mesures de fluides,&#8230;)<\/li>\n\n\n\n<li><strong>M\u00e9dical<\/strong><\/li>\n<\/ul>\n\n\n\n<h2 class=\"wp-block-heading\">Nos engagements<\/h2>\n\n\n\n<p>MGO compte aujourd&rsquo;hui <strong>70 collaborateurs<\/strong>, op\u00e9rateurs, techniciens et ing\u00e9nieurs, passionn\u00e9s et d\u00e9vou\u00e9s dans leurs m\u00e9tiers respectifs.<\/p>\n\n\n\n<p>Chez MGO <strong>la valeur humaine <\/strong>est mise au premier plan, et nous avons \u00e0 c\u0153ur de pr\u00e9server cet <strong>esprit d&rsquo;\u00e9quipe<\/strong> qui constitue notre entreprise.<\/p>\n\n\n\n<h3 class=\"wp-block-heading\">Notre objectif premier est d&rsquo;assurer un haut niveau de satisfaction client avec un service de premier plan <strong>:<\/strong><\/h3>\n\n\n\n<ul class=\"wp-block-list\">\n<li><em><strong>R\u00e9activit\u00e9<\/strong> <\/em>: De la demande de devis \u00e0 la livraison, notre <strong>organisation en mode projet<\/strong> est optimis\u00e9e pour respecter vos d\u00e9lais et \u00e9galement nous permettre d&rsquo;assurer une<strong> industrialisation rapide et efficace<\/strong> des nouveaux sujets<\/li>\n\n\n\n<li><em><strong>Souplesse<\/strong> <\/em>: Du d\u00e9veloppement de prototypes unitaires aux petites ou moyennes s\u00e9ries, nous adaptons nos moyens \u00e0 votre besoin.<\/li>\n\n\n\n<li><strong>Proximit\u00e9<\/strong> : Nos collaborateurs sont disponibles et \u00e0 l\u2019\u00e9coute, avec une approche personnalis\u00e9e et des interlocuteurs d\u00e9di\u00e9es afin d&rsquo;assurer un haut niveau de communication.<\/li>\n\n\n\n<li><strong>Qualit\u00e9<\/strong> : MGO est certifi\u00e9e ISO 9001 &amp; 19443, et applique un contr\u00f4le rigoureux \u00e0 toutes les \u00e9tapes de fabrication afin \u00e9galement d&rsquo;assurer un haut niveau de tra\u00e7abilit\u00e9 pour l&rsquo;ensemble de ses productions.<\/li>\n<\/ul>","protected":false},"excerpt":{"rendered":"<p>Qui sommes-nous ? Depuis sa cr\u00e9ation en 1962, MGO (M\u00e9canique G\u00e9n\u00e9rale Offemontoise) s&rsquo;est impos\u00e9e comme un acteur reconnu dans le domaine de la m\u00e9canique de pr\u00e9cision et dans les m\u00e9tiers de l\u2019usinage, de la soudure, du formage (pliage, roulage, emboutissage), d\u00e9coupe laser et peinture. Notre entreprise accompagne ses clients dans la r\u00e9alisation et conception de [&hellip;]<\/p>\n","protected":false},"author":1,"featured_media":277,"parent":0,"menu_order":0,"comment_status":"closed","ping_status":"closed","template":"","meta":{"footnotes":""},"class_list":["post-77","page","type-page","status-publish","has-post-thumbnail","hentry"],"_links":{"self":[{"href":"https:\/\/mgo.ddx.ovh\/en\/wp-json\/wp\/v2\/pages\/77","targetHints":{"allow":["GET"]}}],"collection":[{"href":"https:\/\/mgo.ddx.ovh\/en\/wp-json\/wp\/v2\/pages"}],"about":[{"href":"https:\/\/mgo.ddx.ovh\/en\/wp-json\/wp\/v2\/types\/page"}],"author":[{"embeddable":true,"href":"https:\/\/mgo.ddx.ovh\/en\/wp-json\/wp\/v2\/users\/1"}],"replies":[{"embeddable":true,"href":"https:\/\/mgo.ddx.ovh\/en\/wp-json\/wp\/v2\/comments?post=77"}],"version-history":[{"count":23,"href":"https:\/\/mgo.ddx.ovh\/en\/wp-json\/wp\/v2\/pages\/77\/revisions"}],"predecessor-version":[{"id":1974,"href":"https:\/\/mgo.ddx.ovh\/en\/wp-json\/wp\/v2\/pages\/77\/revisions\/1974"}],"wp:featuredmedia":[{"embeddable":true,"href":"https:\/\/mgo.ddx.ovh\/en\/wp-json\/wp\/v2\/media\/277"}],"wp:attachment":[{"href":"https:\/\/mgo.ddx.ovh\/en\/wp-json\/wp\/v2\/media?parent=77"}],"curies":[{"name":"wp","href":"https:\/\/api.w.org\/{rel}","templated":true}]}}