{"id":81,"date":"2025-03-22T18:00:35","date_gmt":"2025-03-22T17:00:35","guid":{"rendered":"https:\/\/mgo.ddx.ovh\/?page_id=81"},"modified":"2026-03-02T11:07:55","modified_gmt":"2026-03-02T10:07:55","slug":"actualites","status":"publish","type":"page","link":"https:\/\/mgo.ddx.ovh\/en\/actualites\/","title":{"rendered":"News"},"content":{"rendered":"\t\t<div data-elementor-type=\"wp-page\" data-elementor-id=\"81\" class=\"elementor elementor-81\" data-elementor-post-type=\"page\">\n\t\t\t\t<div class=\"elementor-element elementor-element-55f9a4a1 e-flex e-con-boxed e-con e-parent\" data-id=\"55f9a4a1\" data-element_type=\"container\" data-e-type=\"container\" data-settings=\"{&quot;jet_parallax_layout_list&quot;:[]}\">\n\t\t\t\t\t<div class=\"e-con-inner\">\n\t\t\t\t<div class=\"elementor-element elementor-element-8178191 elementor-widget elementor-widget-jet-listing-grid\" data-id=\"8178191\" data-element_type=\"widget\" data-e-type=\"widget\" data-settings=\"{&quot;columns&quot;:3}\" data-widget_type=\"jet-listing-grid.default\">\n\t\t\t\t<div class=\"elementor-widget-container\">\n\t\t\t\t\t<div class=\"jet-listing-grid jet-listing\"><div class=\"jet-listing-grid__items grid-col-desk-3 grid-col-tablet-3 grid-col-mobile-3 jet-listing-grid--933\" data-queried-id=\"81|WP_Post\" data-nav=\"{&quot;enabled&quot;:false,&quot;type&quot;:null,&quot;more_el&quot;:null,&quot;query&quot;:[],&quot;widget_settings&quot;:{&quot;lisitng_id&quot;:933,&quot;posts_num&quot;:18,&quot;columns&quot;:3,&quot;columns_tablet&quot;:3,&quot;columns_mobile&quot;:3,&quot;column_min_width&quot;:240,&quot;column_min_width_tablet&quot;:240,&quot;column_min_width_mobile&quot;:240,&quot;inline_columns_css&quot;:false,&quot;is_archive_template&quot;:&quot;&quot;,&quot;post_status&quot;:[&quot;publish&quot;],&quot;use_random_posts_num&quot;:&quot;&quot;,&quot;max_posts_num&quot;:9,&quot;not_found_message&quot;:&quot;No data was found&quot;,&quot;is_masonry&quot;:false,&quot;equal_columns_height&quot;:&quot;&quot;,&quot;use_load_more&quot;:&quot;&quot;,&quot;load_more_id&quot;:&quot;&quot;,&quot;load_more_type&quot;:&quot;click&quot;,&quot;load_more_offset&quot;:{&quot;unit&quot;:&quot;px&quot;,&quot;size&quot;:0,&quot;sizes&quot;:[]},&quot;use_custom_post_types&quot;:&quot;&quot;,&quot;custom_post_types&quot;:[],&quot;hide_widget_if&quot;:&quot;&quot;,&quot;carousel_enabled&quot;:&quot;&quot;,&quot;slides_to_scroll&quot;:&quot;1&quot;,&quot;arrows&quot;:&quot;true&quot;,&quot;arrow_icon&quot;:&quot;fa fa-angle-left&quot;,&quot;dots&quot;:&quot;&quot;,&quot;autoplay&quot;:&quot;true&quot;,&quot;pause_on_hover&quot;:&quot;true&quot;,&quot;autoplay_speed&quot;:5000,&quot;infinite&quot;:&quot;true&quot;,&quot;center_mode&quot;:&quot;&quot;,&quot;effect&quot;:&quot;slide&quot;,&quot;speed&quot;:500,&quot;inject_alternative_items&quot;:&quot;&quot;,&quot;injection_items&quot;:[],&quot;scroll_slider_enabled&quot;:&quot;&quot;,&quot;scroll_slider_on&quot;:[&quot;desktop&quot;,&quot;tablet&quot;,&quot;mobile&quot;],&quot;custom_query&quot;:false,&quot;custom_query_id&quot;:&quot;&quot;,&quot;_element_id&quot;:&quot;&quot;,&quot;collapse_first_last_gap&quot;:false,&quot;list_tag_selection&quot;:&quot;&quot;,&quot;list_items_wrapper_tag&quot;:&quot;div&quot;,&quot;list_item_tag&quot;:&quot;div&quot;,&quot;empty_items_wrapper_tag&quot;:&quot;div&quot;}}\" data-page=\"1\" data-pages=\"1\" data-listing-source=\"posts\" data-listing-id=\"933\" data-query-id=\"\"><div class=\"jet-listing-grid__item jet-listing-dynamic-post-1910\" data-post-id=\"1910\"  ><div class=\"jet-engine-listing-overlay-wrap\" data-url=\"https:\/\/mgo.ddx.ovh\/en\/test\/\">\t\t<div data-elementor-type=\"jet-listing-items\" data-elementor-id=\"933\" class=\"elementor elementor-933\" data-elementor-post-type=\"jet-engine\">\n\t\t\t\t<div class=\"elementor-element elementor-element-7effb43 e-flex e-con-boxed e-con e-parent\" data-id=\"7effb43\" data-element_type=\"container\" data-e-type=\"container\" data-settings=\"{&quot;jet_parallax_layout_list&quot;:[],&quot;background_background&quot;:&quot;classic&quot;}\">\n\t\t\t\t\t<div class=\"e-con-inner\">\n\t\t<div class=\"elementor-element elementor-element-23bdcf0 e-con-full e-flex e-con e-child\" data-id=\"23bdcf0\" data-element_type=\"container\" data-e-type=\"container\" data-settings=\"{&quot;jet_parallax_layout_list&quot;:[]}\">\n\t\t\t\t<div class=\"elementor-element elementor-element-1efb5eb elementor-widget elementor-widget-image\" data-id=\"1efb5eb\" data-element_type=\"widget\" data-e-type=\"widget\" data-widget_type=\"image.default\">\n\t\t\t\t<div class=\"elementor-widget-container\">\n\t\t\t\t\t\t\t\t\t\t\t\t\t\t\t<img fetchpriority=\"high\" decoding=\"async\" width=\"576\" height=\"240\" src=\"https:\/\/mgo.ddx.ovh\/wp-content\/uploads\/2026\/03\/1619655282451.jpeg\" class=\"elementor-animation-grow attachment-large size-large wp-image-1977\" alt=\"\" srcset=\"https:\/\/mgo.ddx.ovh\/wp-content\/uploads\/2026\/03\/1619655282451.jpeg 576w, https:\/\/mgo.ddx.ovh\/wp-content\/uploads\/2026\/03\/1619655282451-300x125.jpeg 300w, https:\/\/mgo.ddx.ovh\/wp-content\/uploads\/2026\/03\/1619655282451-18x8.jpeg 18w\" sizes=\"(max-width: 576px) 100vw, 576px\" \/>\t\t\t\t\t\t\t\t\t\t\t\t\t\t\t<\/div>\n\t\t\t\t<\/div>\n\t\t\t\t<\/div>\n\t\t\t\t<div class=\"elementor-element elementor-element-90169d0 elementor-widget elementor-widget-jet-listing-dynamic-field\" data-id=\"90169d0\" data-element_type=\"widget\" data-e-type=\"widget\" data-widget_type=\"jet-listing-dynamic-field.default\">\n\t\t\t\t<div class=\"elementor-widget-container\">\n\t\t\t\t\t<div class=\"jet-listing jet-listing-dynamic-field display-inline\"><div class=\"jet-listing-dynamic-field__inline-wrap\"><h3 class=\"jet-listing-dynamic-field__content\" >2026-02 : MGO ouvre un poste de technicien qualit\u00e9 au sein de son service<\/h3><\/div><\/div>\t\t\t\t<\/div>\n\t\t\t\t<\/div>\n\t\t\t\t<div class=\"elementor-element elementor-element-0ab6207 elementor-widget elementor-widget-jet-listing-dynamic-field\" data-id=\"0ab6207\" data-element_type=\"widget\" data-e-type=\"widget\" data-widget_type=\"jet-listing-dynamic-field.default\">\n\t\t\t\t<div class=\"elementor-widget-container\">\n\t\t\t\t\t<div class=\"jet-listing jet-listing-dynamic-field display-inline\"><div class=\"jet-listing-dynamic-field__inline-wrap\"><div class=\"jet-listing-dynamic-field__icon is-svg-icon\"><svg class=\"e-font-icon-svg e-far-calendar\" aria-hidden=\"true\" viewBox=\"0 0 448 512\" xmlns=\"http:\/\/www.w3.org\/2000\/svg\"><path d=\"M400 64h-48V12c0-6.6-5.4-12-12-12h-40c-6.6 0-12 5.4-12 12v52H160V12c0-6.6-5.4-12-12-12h-40c-6.6 0-12 5.4-12 12v52H48C21.5 64 0 85.5 0 112v352c0 26.5 21.5 48 48 48h352c26.5 0 48-21.5 48-48V112c0-26.5-21.5-48-48-48zm-6 400H54c-3.3 0-6-2.7-6-6V160h352v298c0 3.3-2.7 6-6 6z\"><\/path><\/svg><\/div><div class=\"jet-listing-dynamic-field__content\" >1 March 2026<\/div><\/div><\/div>\t\t\t\t<\/div>\n\t\t\t\t<\/div>\n\t\t\t\t\t<\/div>\n\t\t\t\t<\/div>\n\t\t\t\t<\/div>\n\t\t<a href=\"https:\/\/mgo.ddx.ovh\/en\/test\/\" class=\"jet-engine-listing-overlay-link\"><\/a><\/div><\/div><div class=\"jet-listing-grid__item jet-listing-dynamic-post-1944\" data-post-id=\"1944\"  ><div class=\"jet-engine-listing-overlay-wrap\" data-url=\"https:\/\/mgo.ddx.ovh\/en\/2026-01-mgo-se-lance-vers-la-certification-en9100\/\">\t\t<div data-elementor-type=\"jet-listing-items\" data-elementor-id=\"933\" class=\"elementor elementor-933\" data-elementor-post-type=\"jet-engine\">\n\t\t\t\t<div class=\"elementor-element elementor-element-7effb43 e-flex e-con-boxed e-con e-parent\" data-id=\"7effb43\" data-element_type=\"container\" data-e-type=\"container\" data-settings=\"{&quot;jet_parallax_layout_list&quot;:[],&quot;background_background&quot;:&quot;classic&quot;}\">\n\t\t\t\t\t<div class=\"e-con-inner\">\n\t\t<div class=\"elementor-element elementor-element-23bdcf0 e-con-full e-flex e-con e-child\" data-id=\"23bdcf0\" data-element_type=\"container\" data-e-type=\"container\" data-settings=\"{&quot;jet_parallax_layout_list&quot;:[]}\">\n\t\t\t\t<div class=\"elementor-element elementor-element-1efb5eb elementor-widget elementor-widget-image\" data-id=\"1efb5eb\" data-element_type=\"widget\" data-e-type=\"widget\" data-widget_type=\"image.default\">\n\t\t\t\t<div class=\"elementor-widget-container\">\n\t\t\t\t\t\t\t\t\t\t\t\t\t\t\t<img decoding=\"async\" width=\"800\" height=\"450\" src=\"https:\/\/mgo.ddx.ovh\/wp-content\/uploads\/2026\/03\/EN-9100-en-cours-1-1024x576.jpg\" class=\"elementor-animation-grow attachment-large size-large wp-image-1950\" alt=\"\" srcset=\"https:\/\/mgo.ddx.ovh\/wp-content\/uploads\/2026\/03\/EN-9100-en-cours-1-1024x576.jpg 1024w, https:\/\/mgo.ddx.ovh\/wp-content\/uploads\/2026\/03\/EN-9100-en-cours-1-300x169.jpg 300w, https:\/\/mgo.ddx.ovh\/wp-content\/uploads\/2026\/03\/EN-9100-en-cours-1-768x432.jpg 768w, https:\/\/mgo.ddx.ovh\/wp-content\/uploads\/2026\/03\/EN-9100-en-cours-1-18x10.jpg 18w, https:\/\/mgo.ddx.ovh\/wp-content\/uploads\/2026\/03\/EN-9100-en-cours-1.jpg 1280w\" sizes=\"(max-width: 800px) 100vw, 800px\" \/>\t\t\t\t\t\t\t\t\t\t\t\t\t\t\t<\/div>\n\t\t\t\t<\/div>\n\t\t\t\t<\/div>\n\t\t\t\t<div class=\"elementor-element elementor-element-90169d0 elementor-widget elementor-widget-jet-listing-dynamic-field\" data-id=\"90169d0\" data-element_type=\"widget\" data-e-type=\"widget\" data-widget_type=\"jet-listing-dynamic-field.default\">\n\t\t\t\t<div class=\"elementor-widget-container\">\n\t\t\t\t\t<div class=\"jet-listing jet-listing-dynamic-field display-inline\"><div class=\"jet-listing-dynamic-field__inline-wrap\"><h3 class=\"jet-listing-dynamic-field__content\" >MGO se lance vers la certification EN9100<\/h3><\/div><\/div>\t\t\t\t<\/div>\n\t\t\t\t<\/div>\n\t\t\t\t<div class=\"elementor-element elementor-element-0ab6207 elementor-widget elementor-widget-jet-listing-dynamic-field\" data-id=\"0ab6207\" data-element_type=\"widget\" data-e-type=\"widget\" data-widget_type=\"jet-listing-dynamic-field.default\">\n\t\t\t\t<div class=\"elementor-widget-container\">\n\t\t\t\t\t<div class=\"jet-listing jet-listing-dynamic-field display-inline\"><div class=\"jet-listing-dynamic-field__inline-wrap\"><div class=\"jet-listing-dynamic-field__icon is-svg-icon\"><svg class=\"e-font-icon-svg e-far-calendar\" aria-hidden=\"true\" viewBox=\"0 0 448 512\" xmlns=\"http:\/\/www.w3.org\/2000\/svg\"><path d=\"M400 64h-48V12c0-6.6-5.4-12-12-12h-40c-6.6 0-12 5.4-12 12v52H160V12c0-6.6-5.4-12-12-12h-40c-6.6 0-12 5.4-12 12v52H48C21.5 64 0 85.5 0 112v352c0 26.5 21.5 48 48 48h352c26.5 0 48-21.5 48-48V112c0-26.5-21.5-48-48-48zm-6 400H54c-3.3 0-6-2.7-6-6V160h352v298c0 3.3-2.7 6-6 6z\"><\/path><\/svg><\/div><div class=\"jet-listing-dynamic-field__content\" >5 January 2026<\/div><\/div><\/div>\t\t\t\t<\/div>\n\t\t\t\t<\/div>\n\t\t\t\t\t<\/div>\n\t\t\t\t<\/div>\n\t\t\t\t<\/div>\n\t\t<a href=\"https:\/\/mgo.ddx.ovh\/en\/2026-01-mgo-se-lance-vers-la-certification-en9100\/\" class=\"jet-engine-listing-overlay-link\"><\/a><\/div><\/div><div class=\"jet-listing-grid__item jet-listing-dynamic-post-611\" data-post-id=\"611\"  ><div class=\"jet-engine-listing-overlay-wrap\" data-url=\"https:\/\/mgo.ddx.ovh\/en\/2025-01-mgo-se-dote-dun-box-dedie-aux-soudures-des-matieres-inox\/\">\t\t<div data-elementor-type=\"jet-listing-items\" data-elementor-id=\"933\" class=\"elementor elementor-933\" data-elementor-post-type=\"jet-engine\">\n\t\t\t\t<div class=\"elementor-element elementor-element-7effb43 e-flex e-con-boxed e-con e-parent\" data-id=\"7effb43\" data-element_type=\"container\" data-e-type=\"container\" data-settings=\"{&quot;jet_parallax_layout_list&quot;:[],&quot;background_background&quot;:&quot;classic&quot;}\">\n\t\t\t\t\t<div class=\"e-con-inner\">\n\t\t\t\t<div class=\"elementor-element elementor-element-749abac elementor-absolute elementor-widget elementor-widget-jet-listing-dynamic-terms\" data-id=\"749abac\" data-element_type=\"widget\" data-e-type=\"widget\" data-settings=\"{&quot;_position&quot;:&quot;absolute&quot;}\" data-widget_type=\"jet-listing-dynamic-terms.default\">\n\t\t\t\t<div class=\"elementor-widget-container\">\n\t\t\t\t\t<div class=\"jet-listing jet-listing-dynamic-terms\"><a href=\"https:\/\/mgo.ddx.ovh\/en\/services\/mecano-soudure\/\" class=\"jet-listing-dynamic-terms__link\">M\u00e9cano-soudure<\/a><\/div>\t\t\t\t<\/div>\n\t\t\t\t<\/div>\n\t\t<div class=\"elementor-element elementor-element-23bdcf0 e-con-full e-flex e-con e-child\" data-id=\"23bdcf0\" data-element_type=\"container\" data-e-type=\"container\" data-settings=\"{&quot;jet_parallax_layout_list&quot;:[]}\">\n\t\t\t\t<div class=\"elementor-element elementor-element-1efb5eb elementor-widget elementor-widget-image\" data-id=\"1efb5eb\" data-element_type=\"widget\" data-e-type=\"widget\" data-widget_type=\"image.default\">\n\t\t\t\t<div class=\"elementor-widget-container\">\n\t\t\t\t\t\t\t\t\t\t\t\t\t\t\t<img decoding=\"async\" width=\"800\" height=\"450\" src=\"https:\/\/mgo.ddx.ovh\/wp-content\/uploads\/2025\/03\/vlcsnap-2026-01-26-12h27m12s444-1024x576.png\" class=\"elementor-animation-grow attachment-large size-large wp-image-1510\" alt=\"\" srcset=\"https:\/\/mgo.ddx.ovh\/wp-content\/uploads\/2025\/03\/vlcsnap-2026-01-26-12h27m12s444-1024x576.png 1024w, https:\/\/mgo.ddx.ovh\/wp-content\/uploads\/2025\/03\/vlcsnap-2026-01-26-12h27m12s444-300x169.png 300w, https:\/\/mgo.ddx.ovh\/wp-content\/uploads\/2025\/03\/vlcsnap-2026-01-26-12h27m12s444-768x432.png 768w, https:\/\/mgo.ddx.ovh\/wp-content\/uploads\/2025\/03\/vlcsnap-2026-01-26-12h27m12s444-1536x864.png 1536w, https:\/\/mgo.ddx.ovh\/wp-content\/uploads\/2025\/03\/vlcsnap-2026-01-26-12h27m12s444-18x10.png 18w, https:\/\/mgo.ddx.ovh\/wp-content\/uploads\/2025\/03\/vlcsnap-2026-01-26-12h27m12s444.png 1920w\" sizes=\"(max-width: 800px) 100vw, 800px\" \/>\t\t\t\t\t\t\t\t\t\t\t\t\t\t\t<\/div>\n\t\t\t\t<\/div>\n\t\t\t\t<\/div>\n\t\t\t\t<div class=\"elementor-element elementor-element-90169d0 elementor-widget elementor-widget-jet-listing-dynamic-field\" data-id=\"90169d0\" data-element_type=\"widget\" data-e-type=\"widget\" data-widget_type=\"jet-listing-dynamic-field.default\">\n\t\t\t\t<div class=\"elementor-widget-container\">\n\t\t\t\t\t<div class=\"jet-listing jet-listing-dynamic-field display-inline\"><div class=\"jet-listing-dynamic-field__inline-wrap\"><h3 class=\"jet-listing-dynamic-field__content\" >2025-01 : MGO se dote d'un box d\u00e9di\u00e9 aux soudures des mati\u00e8res INOX<\/h3><\/div><\/div>\t\t\t\t<\/div>\n\t\t\t\t<\/div>\n\t\t\t\t<div class=\"elementor-element elementor-element-0ab6207 elementor-widget elementor-widget-jet-listing-dynamic-field\" data-id=\"0ab6207\" data-element_type=\"widget\" data-e-type=\"widget\" data-widget_type=\"jet-listing-dynamic-field.default\">\n\t\t\t\t<div class=\"elementor-widget-container\">\n\t\t\t\t\t<div class=\"jet-listing jet-listing-dynamic-field display-inline\"><div class=\"jet-listing-dynamic-field__inline-wrap\"><div class=\"jet-listing-dynamic-field__icon is-svg-icon\"><svg class=\"e-font-icon-svg e-far-calendar\" aria-hidden=\"true\" viewBox=\"0 0 448 512\" xmlns=\"http:\/\/www.w3.org\/2000\/svg\"><path d=\"M400 64h-48V12c0-6.6-5.4-12-12-12h-40c-6.6 0-12 5.4-12 12v52H160V12c0-6.6-5.4-12-12-12h-40c-6.6 0-12 5.4-12 12v52H48C21.5 64 0 85.5 0 112v352c0 26.5 21.5 48 48 48h352c26.5 0 48-21.5 48-48V112c0-26.5-21.5-48-48-48zm-6 400H54c-3.3 0-6-2.7-6-6V160h352v298c0 3.3-2.7 6-6 6z\"><\/path><\/svg><\/div><div class=\"jet-listing-dynamic-field__content\" >28 March 2025<\/div><\/div><\/div>\t\t\t\t<\/div>\n\t\t\t\t<\/div>\n\t\t\t\t\t<\/div>\n\t\t\t\t<\/div>\n\t\t\t\t<\/div>\n\t\t<a href=\"https:\/\/mgo.ddx.ovh\/en\/2025-01-mgo-se-dote-dun-box-dedie-aux-soudures-des-matieres-inox\/\" class=\"jet-engine-listing-overlay-link\"><\/a><\/div><\/div><\/div><\/div>\t\t\t\t<\/div>\n\t\t\t\t<\/div>\n\t\t\t\t\t<\/div>\n\t\t\t\t<\/div>\n\t\t\t\t<\/div>\n\t\t","protected":false},"excerpt":{"rendered":"<p>M\u00e9cano-soudure 1 avril 2025 Astronaut flying vessels legendary foo portal earth Lire l&rsquo;article Bureau d\u2019\u00e9tudes 1 avril 2025 Time burmuda triangle sky Lire l&rsquo;article D\u00e9coupe laserUsinage 28 mars 2025 Disc mahabharata elongated clearly Lire l&rsquo;article<\/p>","protected":false},"author":1,"featured_media":1968,"parent":0,"menu_order":0,"comment_status":"closed","ping_status":"closed","template":"","meta":{"footnotes":""},"class_list":["post-81","page","type-page","status-publish","has-post-thumbnail","hentry"],"_links":{"self":[{"href":"https:\/\/mgo.ddx.ovh\/en\/wp-json\/wp\/v2\/pages\/81","targetHints":{"allow":["GET"]}}],"collection":[{"href":"https:\/\/mgo.ddx.ovh\/en\/wp-json\/wp\/v2\/pages"}],"about":[{"href":"https:\/\/mgo.ddx.ovh\/en\/wp-json\/wp\/v2\/types\/page"}],"author":[{"embeddable":true,"href":"https:\/\/mgo.ddx.ovh\/en\/wp-json\/wp\/v2\/users\/1"}],"replies":[{"embeddable":true,"href":"https:\/\/mgo.ddx.ovh\/en\/wp-json\/wp\/v2\/comments?post=81"}],"version-history":[{"count":8,"href":"https:\/\/mgo.ddx.ovh\/en\/wp-json\/wp\/v2\/pages\/81\/revisions"}],"predecessor-version":[{"id":1184,"href":"https:\/\/mgo.ddx.ovh\/en\/wp-json\/wp\/v2\/pages\/81\/revisions\/1184"}],"wp:featuredmedia":[{"embeddable":true,"href":"https:\/\/mgo.ddx.ovh\/en\/wp-json\/wp\/v2\/media\/1968"}],"wp:attachment":[{"href":"https:\/\/mgo.ddx.ovh\/en\/wp-json\/wp\/v2\/media?parent=81"}],"curies":[{"name":"wp","href":"https:\/\/api.w.org\/{rel}","templated":true}]}}